{"id":127,"date":"2010-02-18T10:49:55","date_gmt":"2010-02-18T09:49:55","guid":{"rendered":"http:\/\/artistbooks.de\/blog\/?page_id=127"},"modified":"2025-01-19T22:35:16","modified_gmt":"2025-01-19T21:35:16","slug":"impressum","status":"publish","type":"page","link":"https:\/\/artistbooks.de\/blog\/impressum\/","title":{"rendered":"Impressum"},"content":{"rendered":"<p>AAP Ar\u00adchi\u00adve Ar\u00adtist Pu\u00adbli\u00adca\u00adti\u00adons \u2013 Ar\u00adchiv K\u00fcnst\u00adler\u00adb\u00fc\u00adcher \u2013 Samm\u00adlung Hu\u00adbert Kretschmer<br> Hu\u00adbert Kretschmer<br> T\u00fcr\u00adken\u00adstra\u00ad\u00dfe 60 UG \u2022 D \u2013 80799 M\u00fcnchen<br> fon <a href=\"tel:+49891234530\">+49 89&nbsp;12345 30 <\/a>\u2022 mo\u00adbil <a href=\"tel:+491728512588\" target=\"_blank\" rel=\"noopener\">+49 172 85 125&nbsp;88<\/a><\/p>\n<p>Elek\u00adtro\u00adni\u00adsche Post an <a href=\"mailto:mail@artistbooks.de\" target=\"_blank\" rel=\"noopener\">artistbooks.de<\/a><\/p>\n<p><\/p>\n<p>Das AAP A<em>rchi\u00adve Ar\u00adtist Pu\u00adbli\u00adca\u00adti\u00adons<\/em> liegt ver\u00adkehrs\u00adg\u00fcns\u00adtig im <a href=\"http:\/\/www.kunstareal.de\" target=\"_blank\" rel=\"noopener\">Kunst\u00adare\u00adal<\/a> M\u00fcn\u00adchen, 250 Me\u00adter n\u00f6rd\u00adlich vom Mu\u00adse\u00adum Brand\u00adhorst und s\u00fcd\u00adlich der Aka\u00adde\u00admie der Bil\u00adden\u00adden K\u00fcnste.<br> Die Samm\u00adlung kann je\u00adder\u00adzeit nach Vor\u00adanmel\u00addung be\u00adsich\u00adtigt werden.<br> Ger\u00adne wer\u00adden auch Ex\u00adpo\u00adna\u00adte f\u00fcr Aus\u00adstel\u00adlun\u00adgen und Ver\u00adan\u00adstal\u00adtun\u00adgen zur Ver\u00adf\u00fc\u00adgung gestellt.<\/p>\n<h2>Mit <a href=\"https:\/\/map.what3words.com\/reden.l%C3%A4ufer.heimat?lang=de\" target=\"_blank\" rel=\"noopener\">w3w<\/a> den exakten Ort anzeigen<\/h2>\n<p><a href=\"http:\/\/www.k\u00fcnstlerbucharchiv.de\/index.htm\" target=\"_blank\" rel=\"noopener\">www.k\u00fcnstlerbucharchiv.de<\/a> Ar\u00adchiv f\u00fcr k\u00fcnst\u00adle\u00adri\u00adsche B\u00fc\u00adcher und mehr \u2013 AAP Ar\u00adchi\u00adve Ar\u00adtist Publications<\/p>\n<p><a href=\"http:\/\/k\u00fcnstler-b\u00fccher.de\/\" target=\"_blank\" rel=\"noopener\">www.k\u00fcnstler-b\u00fccher.de<\/a>&nbsp;Et\u00adwas zur Ge\u00adschich\u00adte des Ar\u00adchivs K\u00fcnstlerb\u00fccher<br>\n<a href=\"http:\/\/www.icon-verlag.de\/\" target=\"_blank\" rel=\"noopener\">www.verlag-hubert-kretschmer.de<\/a>&nbsp;Web\u00adsei\u00adte des Ver\u00adla\u00adges = icon Verlag<\/p>\n<p><strong>Kurz\u00adbio\u00adgra\u00adfie von Hu\u00adbert Kretschmer<\/strong><br> Ge\u00adbo\u00adren 1950&nbsp;in Grain\u00adau bei Garmisch-Partenkirchen.<br> 1969 bis 1975 Stu\u00addi\u00adum an der Kunst\u00adaka\u00adde\u00admie M\u00fcn\u00adchen (Lehr\u00adamt an den Gym\u00adna\u00adsi\u00aden) und an den Uni\u00adver\u00adsi\u00adt\u00e4\u00adten M\u00fcn\u00adchen und Hei\u00addel\u00adberg (Kunst\u00adge\u00adschich\u00adte, Phi\u00adlo\u00adso\u00adphie, Zei\u00adtungs\u00adwis\u00adsen\u00adschaft, Med.&nbsp;Optik).<br> 1972 bis 1992 Lehr\u00adauf\u00adtr\u00e4\u00adge an den Fach\u00adhoch\u00adschu\u00adlen f\u00fcr Ge\u00adstal\u00adtung in M\u00fcn\u00adchen und W\u00fcrz\u00adburg (Sieb\u00addruck, Me\u00addi\u00aden\u00adtheo\u00adrie, Kunstgeschichte).<br> 1976 \u20111982 Mit\u00adglied der Pro\u00addu\u00adzen\u00adten\u00adga\u00adle\u00adrie Adel\u00adgun\u00adden\u00adstra\u00ad\u00dfe M\u00fcnchen.<br> ab 1978 Kunst\u00ader\u00adzie\u00adher in Hei\u00addel\u00adberg, Darm\u00adstadt und M\u00fcn\u00adchen. Jah\u00adre\u00adlan\u00adge Ju\u00adry\u00adt\u00e4\u00adtig\u00adkeit u.a. f\u00fcr den Eu\u00adro\u00adp\u00e4i\u00adschen Wett\u00adbe\u00adwerb und den crossmedia-Wettbewerb.<br> 1980 Gr\u00fcn\u00addung des Ver\u00adlag Hu\u00adbert Kret\u00adschmer, sp\u00e4\u00adter Kret\u00adschmer <span class=\"amp\">&amp;<\/span>&nbsp;Gro\u00df\u00admann bzw. icon Ver\u00adlag und Edi\u00adti\u00adon ARTIUM.<br> Seit 1980 Auf\u00adbau und Be\u00adtreu\u00adung des <a href=\"http:\/\/www.archive-artistsbooks.de\/\" target=\"_blank\" rel=\"noopener\">Ar\u00adchi\u00adve Ar\u00adtist Pu\u00adbli\u00adca\u00adti\u00adons<\/a> in M\u00fcnchen.<br> 2001\u20132009 Vor\u00adsit\u00adzen\u00adder der <a href=\"http:\/\/www.lag-neue-medien.de\/index.html\" target=\"_blank\" rel=\"noopener\">LAG Neue Me\u00addi\u00aden<\/a> e.V. und Mit\u00adglied im Kunst\u00adRat Bayern.<br> 2002\u20132013 Re\u00adfe\u00adrent an der Aka\u00adde\u00admie f\u00fcr Leh\u00adrer\u00adfort\u00adbil\u00addung und Per\u00adso\u00adnal\u00adf\u00fch\u00adrung in Dil\u00adlin\u00adgen (Me\u00addi\u00aden, Kunst\u00adp\u00e4d\u00adago\u00adgik, Landart).<br> 2005\u20132011 Me\u00addi\u00aden\u00adre\u00adfe\u00adrent des <a href=\"http:\/\/www.bdkbayern.de\/index2.html\" target=\"_blank\" rel=\"noopener\">BDK-Bay\u00adern<\/a>, 2011\u20132014 im Vorstand.<br> Lebt und ar\u00adbei\u00adtet seit 1993 als frei\u00ader K\u00fcnst\u00adler, <a href=\"http:\/\/www.verlag-hubert-kretschmer.de\/\" target=\"_blank\" rel=\"noopener\">Ver\u00adle\u00adger<\/a>, Ku\u00adra\u00adtor zahl\u00adrei\u00adcher Aus\u00adstel\u00adlun\u00adgen und als Kunst- und Me\u00addi\u00aden-P\u00e4d\u00adago\u00adge (Sa\u00admu\u00adel-Hei\u00adni\u00adcke-<a href=\"http:\/\/www.samuel-heinicke-fachoberschule.de\/\" target=\"_blank\" rel=\"noopener\">Fach\u00adober\u00adschu\u00adle<\/a>) in M\u00fcnchen.<\/p>\n<p>Web\u00adde\u00adsign Hu\u00adbert Kretschmer<\/p>\n","protected":false},"excerpt":{"rendered":"<p>AAP Ar\u00adchi\u00adve Ar\u00adtist Pu\u00adbli\u00adca\u00adti\u00adons \u2013 Ar\u00adchiv K\u00fcnst\u00adler\u00adb\u00fc\u00adcher \u2013 Samm\u00adlung Hu\u00adbert Kret\u00adschmer Hu\u00adbert Kret\u00adschmer T\u00fcr\u00adken\u00adstra\u00ad\u00dfe 60 UG \u2022 D \u2013 80799 M\u00fcn\u00adchen fon +49 89&nbsp;12345 30 \u2022 mo\u00adbil +49 172 85 125&nbsp;88 Elek\u00adtro\u00adni\u00adsche Post an artistbooks.de Das AAP Archi\u00adve Ar\u00adtist Pu\u00adbli\u00adca\u00adti\u00adons liegt ver\u00adkehrs\u00adg\u00fcns\u00adtig im Kunst\u00adare\u00adal M\u00fcn\u00adchen, 250 Me\u00adter n\u00f6rd\u00adlich vom Mu\u00adse\u00adum Brand\u00adhorst und s\u00fcd\u00adlich der Akademie&nbsp;[\u2026]<\/p>\n","protected":false},"author":14,"featured_media":0,"parent":0,"menu_order":7,"comment_status":"closed","ping_status":"closed","template":"","meta":{"wp_typography_post_enhancements_disabled":false,"footnotes":""},"class_list":["post-127","page","type-page","status-publish","hentry"],"yoast_head":"<!-- This site is optimized with the Yoast SEO plugin v27.4 - https:\/\/yoast.com\/product\/yoast-seo-wordpress\/ -->\n<title>Impressum - BLOG \u2022 Archive Artist Publications Archiv K\u00fcnstlerpublikationen \u2022 AAP<\/title>\n<meta name=\"description\" content=\"AAP Archiv f\u00fcr K\u00fcnstlerpublikationen \/ Archive Artist Publications\" \/>\n<meta name=\"robots\" content=\"index, follow, max-snippet:-1, max-image-preview:large, max-video-preview:-1\" \/>\n<link rel=\"canonical\" href=\"https:\/\/artistbooks.de\/blog\/impressum\/\" \/>\n<meta property=\"og:locale\" content=\"de_DE\" \/>\n<meta property=\"og:type\" content=\"article\" \/>\n<meta property=\"og:title\" content=\"Impressum - BLOG \u2022 Archive Artist Publications Archiv K\u00fcnstlerpublikationen \u2022 AAP\" \/>\n<meta property=\"og:description\" content=\"AAP Archiv f\u00fcr K\u00fcnstlerpublikationen \/ Archive Artist Publications\" \/>\n<meta property=\"og:url\" content=\"https:\/\/artistbooks.de\/blog\/impressum\/\" \/>\n<meta property=\"og:site_name\" content=\"BLOG \u2022 Archive Artist Publications Archiv K\u00fcnstlerpublikationen \u2022 AAP\" \/>\n<meta property=\"article:publisher\" content=\"https:\/\/www.facebook.com\/aap.archive.artist.publications\/\" \/>\n<meta property=\"article:modified_time\" content=\"2025-01-19T21:35:16+00:00\" \/>\n<meta name=\"twitter:card\" content=\"summary_large_image\" \/>\n<meta name=\"twitter:site\" content=\"@mail04140299\" \/>\n<meta name=\"twitter:label1\" content=\"Gesch\u00e4tzte Lesezeit\" \/>\n\t<meta name=\"twitter:data1\" content=\"2\u00a0Minuten\" \/>\n<script type=\"application\/ld+json\" class=\"yoast-schema-graph\">{\"@context\":\"https:\\\/\\\/schema.org\",\"@graph\":[{\"@type\":\"WebPage\",\"@id\":\"https:\\\/\\\/artistbooks.de\\\/blog\\\/impressum\\\/\",\"url\":\"https:\\\/\\\/artistbooks.de\\\/blog\\\/impressum\\\/\",\"name\":\"Impressum - BLOG \u2022 Archive Artist Publications Archiv K\u00fcnstlerpublikationen \u2022 AAP\",\"isPartOf\":{\"@id\":\"https:\\\/\\\/artistbooks.de\\\/blog\\\/#website\"},\"datePublished\":\"2010-02-18T09:49:55+00:00\",\"dateModified\":\"2025-01-19T21:35:16+00:00\",\"description\":\"AAP Archiv f\u00fcr K\u00fcnstlerpublikationen \\\/ Archive Artist Publications\",\"breadcrumb\":{\"@id\":\"https:\\\/\\\/artistbooks.de\\\/blog\\\/impressum\\\/#breadcrumb\"},\"inLanguage\":\"de\",\"potentialAction\":[{\"@type\":\"ReadAction\",\"target\":[\"https:\\\/\\\/artistbooks.de\\\/blog\\\/impressum\\\/\"]}]},{\"@type\":\"BreadcrumbList\",\"@id\":\"https:\\\/\\\/artistbooks.de\\\/blog\\\/impressum\\\/#breadcrumb\",\"itemListElement\":[{\"@type\":\"ListItem\",\"position\":1,\"name\":\"Startseite\",\"item\":\"https:\\\/\\\/artistbooks.de\\\/blog\\\/\"},{\"@type\":\"ListItem\",\"position\":2,\"name\":\"Impressum\"}]},{\"@type\":\"WebSite\",\"@id\":\"https:\\\/\\\/artistbooks.de\\\/blog\\\/#website\",\"url\":\"https:\\\/\\\/artistbooks.de\\\/blog\\\/\",\"name\":\"AAP Archive Artist Publications Archiv K\u00fcnstlerpublikationen\",\"description\":\"Beitr\u00e4ge zu internationalen K\u00fcnstlerPublikationen\",\"publisher\":{\"@id\":\"https:\\\/\\\/artistbooks.de\\\/blog\\\/#organization\"},\"potentialAction\":[{\"@type\":\"SearchAction\",\"target\":{\"@type\":\"EntryPoint\",\"urlTemplate\":\"https:\\\/\\\/artistbooks.de\\\/blog\\\/?s={search_term_string}\"},\"query-input\":{\"@type\":\"PropertyValueSpecification\",\"valueRequired\":true,\"valueName\":\"search_term_string\"}}],\"inLanguage\":\"de\"},{\"@type\":\"Organization\",\"@id\":\"https:\\\/\\\/artistbooks.de\\\/blog\\\/#organization\",\"name\":\"AAP Archive Artist Publications - Archiv K\u00fcnstlerb\u00fccher\",\"url\":\"https:\\\/\\\/artistbooks.de\\\/blog\\\/\",\"logo\":{\"@type\":\"ImageObject\",\"inLanguage\":\"de\",\"@id\":\"https:\\\/\\\/artistbooks.de\\\/blog\\\/#\\\/schema\\\/logo\\\/image\\\/\",\"url\":\"https:\\\/\\\/artistbooks.de\\\/blog\\\/wp-content\\\/uploads\\\/AAP-Logo.jpg\",\"contentUrl\":\"https:\\\/\\\/artistbooks.de\\\/blog\\\/wp-content\\\/uploads\\\/AAP-Logo.jpg\",\"width\":500,\"height\":117,\"caption\":\"AAP Archive Artist Publications - Archiv K\u00fcnstlerb\u00fccher\"},\"image\":{\"@id\":\"https:\\\/\\\/artistbooks.de\\\/blog\\\/#\\\/schema\\\/logo\\\/image\\\/\"},\"sameAs\":[\"https:\\\/\\\/www.facebook.com\\\/aap.archive.artist.publications\\\/\",\"https:\\\/\\\/x.com\\\/mail04140299\",\"https:\\\/\\\/www.instagram.com\\\/archiveartistpublications\\\/\",\"https:\\\/\\\/de.wikipedia.org\\\/wiki\\\/Archive_Artist_Publications\"]}]}<\/script>\n<!-- \/ Yoast SEO plugin. -->","yoast_head_json":{"title":"Impressum - BLOG \u2022 Archive Artist Publications Archiv K\u00fcnstlerpublikationen \u2022 AAP","description":"AAP Archiv f\u00fcr K\u00fcnstlerpublikationen \/ Archive Artist Publications","robots":{"index":"index","follow":"follow","max-snippet":"max-snippet:-1","max-image-preview":"max-image-preview:large","max-video-preview":"max-video-preview:-1"},"canonical":"https:\/\/artistbooks.de\/blog\/impressum\/","og_locale":"de_DE","og_type":"article","og_title":"Impressum - BLOG \u2022 Archive Artist Publications Archiv K\u00fcnstlerpublikationen \u2022 AAP","og_description":"AAP Archiv f\u00fcr K\u00fcnstlerpublikationen \/ Archive Artist Publications","og_url":"https:\/\/artistbooks.de\/blog\/impressum\/","og_site_name":"BLOG \u2022 Archive Artist Publications Archiv K\u00fcnstlerpublikationen \u2022 AAP","article_publisher":"https:\/\/www.facebook.com\/aap.archive.artist.publications\/","article_modified_time":"2025-01-19T21:35:16+00:00","twitter_card":"summary_large_image","twitter_site":"@mail04140299","twitter_misc":{"Gesch\u00e4tzte Lesezeit":"2\u00a0Minuten"},"schema":{"@context":"https:\/\/schema.org","@graph":[{"@type":"WebPage","@id":"https:\/\/artistbooks.de\/blog\/impressum\/","url":"https:\/\/artistbooks.de\/blog\/impressum\/","name":"Impressum - BLOG \u2022 Archive Artist Publications Archiv K\u00fcnstlerpublikationen \u2022 AAP","isPartOf":{"@id":"https:\/\/artistbooks.de\/blog\/#website"},"datePublished":"2010-02-18T09:49:55+00:00","dateModified":"2025-01-19T21:35:16+00:00","description":"AAP Archiv f\u00fcr K\u00fcnstlerpublikationen \/ Archive Artist Publications","breadcrumb":{"@id":"https:\/\/artistbooks.de\/blog\/impressum\/#breadcrumb"},"inLanguage":"de","potentialAction":[{"@type":"ReadAction","target":["https:\/\/artistbooks.de\/blog\/impressum\/"]}]},{"@type":"BreadcrumbList","@id":"https:\/\/artistbooks.de\/blog\/impressum\/#breadcrumb","itemListElement":[{"@type":"ListItem","position":1,"name":"Startseite","item":"https:\/\/artistbooks.de\/blog\/"},{"@type":"ListItem","position":2,"name":"Impressum"}]},{"@type":"WebSite","@id":"https:\/\/artistbooks.de\/blog\/#website","url":"https:\/\/artistbooks.de\/blog\/","name":"AAP Archive Artist Publications Archiv K\u00fcnstlerpublikationen","description":"Beitr\u00e4ge zu internationalen K\u00fcnstlerPublikationen","publisher":{"@id":"https:\/\/artistbooks.de\/blog\/#organization"},"potentialAction":[{"@type":"SearchAction","target":{"@type":"EntryPoint","urlTemplate":"https:\/\/artistbooks.de\/blog\/?s={search_term_string}"},"query-input":{"@type":"PropertyValueSpecification","valueRequired":true,"valueName":"search_term_string"}}],"inLanguage":"de"},{"@type":"Organization","@id":"https:\/\/artistbooks.de\/blog\/#organization","name":"AAP Archive Artist Publications - Archiv K\u00fcnstlerb\u00fccher","url":"https:\/\/artistbooks.de\/blog\/","logo":{"@type":"ImageObject","inLanguage":"de","@id":"https:\/\/artistbooks.de\/blog\/#\/schema\/logo\/image\/","url":"https:\/\/artistbooks.de\/blog\/wp-content\/uploads\/AAP-Logo.jpg","contentUrl":"https:\/\/artistbooks.de\/blog\/wp-content\/uploads\/AAP-Logo.jpg","width":500,"height":117,"caption":"AAP Archive Artist Publications - Archiv K\u00fcnstlerb\u00fccher"},"image":{"@id":"https:\/\/artistbooks.de\/blog\/#\/schema\/logo\/image\/"},"sameAs":["https:\/\/www.facebook.com\/aap.archive.artist.publications\/","https:\/\/x.com\/mail04140299","https:\/\/www.instagram.com\/archiveartistpublications\/","https:\/\/de.wikipedia.org\/wiki\/Archive_Artist_Publications"]}]}},"_links":{"self":[{"href":"https:\/\/artistbooks.de\/blog\/wp-json\/wp\/v2\/pages\/127","targetHints":{"allow":["GET"]}}],"collection":[{"href":"https:\/\/artistbooks.de\/blog\/wp-json\/wp\/v2\/pages"}],"about":[{"href":"https:\/\/artistbooks.de\/blog\/wp-json\/wp\/v2\/types\/page"}],"author":[{"embeddable":true,"href":"https:\/\/artistbooks.de\/blog\/wp-json\/wp\/v2\/users\/14"}],"replies":[{"embeddable":true,"href":"https:\/\/artistbooks.de\/blog\/wp-json\/wp\/v2\/comments?post=127"}],"version-history":[{"count":32,"href":"https:\/\/artistbooks.de\/blog\/wp-json\/wp\/v2\/pages\/127\/revisions"}],"predecessor-version":[{"id":5413,"href":"https:\/\/artistbooks.de\/blog\/wp-json\/wp\/v2\/pages\/127\/revisions\/5413"}],"wp:attachment":[{"href":"https:\/\/artistbooks.de\/blog\/wp-json\/wp\/v2\/media?parent=127"}],"curies":[{"name":"wp","href":"https:\/\/api.w.org\/{rel}","templated":true}]}}