{"id":2069,"date":"2013-12-25T16:24:27","date_gmt":"2013-12-25T15:24:27","guid":{"rendered":"http:\/\/artistbooks.de\/blog\/?page_id=2069"},"modified":"2013-12-29T21:37:01","modified_gmt":"2013-12-29T20:37:01","slug":"3-entstehung","status":"publish","type":"page","link":"https:\/\/artistbooks.de\/blog\/3-entstehung\/","title":{"rendered":"Geschichte des Archivs"},"content":{"rendered":"<h2>Zur Entstehung des Archive Artist Publications<\/h2>\n<p>Als wir \u2013 die Pro\u00addu\u00adzen\u00adten\u00adga\u00adle\u00adrie Adel\u00adgun\u00adden\u00adstra\u00ad\u00dfe in M\u00fcn\u00adchen \u2013 1976 erst\u00admals die Idee ei\u00adner Aus\u00adstel\u00adlung von K\u00fcnst\u00adlern ge\u00admach\u00adter B\u00fc\u00adcher hat\u00adten, war ich da\u00advon so\u00adfort fas\u00adzi\u00adniert und kon\u00adzi\u00adpier\u00adte ei\u00adne drei\u00adtei\u00adli\u00adge Ausstellung:<br> \u2013 ge\u00addruck\u00adte K\u00fcnstlerb\u00fccher<br> \u2013 B\u00fc\u00adcher in Co\u00addex\u00adform, je\u00addoch aus ver\u00adschie\u00adden\u00adar\u00adti\u00adgen Materialien<br> \u2013 und Buchobjekte.<br> Der drei\u00adtei\u00adli\u00adge Ka\u00adta\u00adlog da\u00adzu war der Aus\u00adgangs\u00adpunkt f\u00fcr das sp\u00e4\u00adte\u00adre Archiv.<\/p>\n<p>In Ge\u00adspr\u00e4\u00adchen mit f\u00fch\u00adren\u00adden Leu\u00adten aus der da\u00adma\u00adli\u00adgen K\u00fcnst\u00adler\u00adbuch\u00adsze\u00adne wie z.B. Walt\u00adher K\u00f6\u00adnig, Rolf Ditt\u00admar, Hanns Sohm und Ar\u00admin Hun\u00addert\u00admark eben\u00adso wie mit vie\u00adlen K\u00fcnst\u00adlern und Klein\u00adver\u00adle\u00adgern kris\u00adtal\u00adli\u00adsier\u00adte sich her\u00adaus, dass den K\u00fcnst\u00adlern die M\u00f6g\u00adlich\u00adkeit fehl\u00adte, um ih\u00adre B\u00fc\u00adcher im gr\u00f6\u00ad\u00dfe\u00adren Stil und in\u00adter\u00adna\u00adtio\u00adnal zu ver\u00admark\u00adten. So kam es, dass ich 1980 den Ver\u00adlag <span class=\"amp\">&amp;<\/span>&nbsp;Dis\u00adtri\u00adbu\u00adti\u00adon Hu\u00adbert Kret\u00adschmer gr\u00fcndete.<br> In den fol\u00adgen\u00adden Jah\u00adren nahm ich mit den K\u00fcnst\u00adler\u00adb\u00fc\u00adchern an fol\u00adgen\u00adden Mes\u00adsen&nbsp;teil:<br> \u2013 Frank\u00adfur\u00adter Buchmesse<br> \u2013 Mi\u00adni\u00adpres\u00adsen\u00admes\u00adse in&nbsp;Mainz<br> \u2013 Ge\u00adgen\u00adBuch\u00admes\u00adse in Frankfurt<br> \u2013 ART-Basel<br> \u2013 ART-K\u00f6ln<br> \u2013 ART-Frankfurt<br> \u2013 ART-Mul\u00adti\u00adple in D\u00fcsseldorf<br> \u2013 deut\u00adsche Buch\u00admes\u00adse in New&nbsp;York<br> \u2013 und di\u00adver\u00adse klei\u00adne\u00adre Ver\u00adan\u00adstal\u00adtun\u00adgen mit Kunst und B\u00fcchern.<br> So ent\u00adstan\u00adden gu\u00adte Be\u00adzie\u00adhun\u00adgen zu vie\u00adlen f\u00fch\u00adren\u00adden Bi\u00adblio\u00adthe\u00adken, so\u00adwie Pri\u00advat\u00adsamm\u00adlern und Buch- und Kunst\u00adh\u00e4nd\u00adlern in Deutsch\u00adland, \u00d6s\u00adter\u00adreich, der Schweiz, Frank\u00adreich, Eng\u00adland, Spa\u00adni\u00aden, den Nie\u00adder\u00adlan\u00adden, Ita\u00adli\u00aden, Lu\u00adxem\u00adburg, Ja\u00adpan und den&nbsp;USA.<br> Durch die\u00adse in\u00adter\u00adna\u00adtio\u00adna\u00adle Ver\u00adnet\u00adzung er\u00ad\u00f6ff\u00adne\u00adten sich mir gu\u00adte Ge\u00adle\u00adgen\u00adhei\u00adten, K\u00fcnst\u00adler\u00adb\u00fc\u00adcher zu er\u00adwer\u00adben, zu tau\u00adschen, zu ver\u00adle\u00adgen und In\u00adfor\u00adma\u00adtio\u00adnen \u00fcber die\u00adses Me\u00adtier zusammenzutragen.<\/p>\n<p>Mit mei\u00adnem Ar\u00adchiv ha\u00adbe ich stets das Ziel ver\u00adfolgt, nicht nur mei\u00adne Samm\u00adlung von K\u00fcnst\u00adler\u00adb\u00fc\u00adchern zu er\u00adwei\u00adtern, son\u00addern auch das Um\u00adfeld und den Zeit\u00adgeist zu do\u00adku\u00admen\u00adtie\u00adren, in dem die B\u00fc\u00adcher ent\u00adstan\u00adden&nbsp;sind:<br> Mul\u00adti\u00adples, Pla\u00adka\u00adte, Ein\u00adla\u00addun\u00adgen, di\u00adver\u00adse Ton\u00adtr\u00e4\u00adger, Fo\u00adto\u00adko\u00adpien, Brief\u00admar\u00adken, Vi\u00adde\u00ados, Zi\u00adnes, CDs, Lie\u00adfer\u00adver\u00adzeich\u00adnis\u00adse, Zeit\u00adschrif\u00adten, Web\u00adsites und Se\u00adkun\u00add\u00e4r\u00adli\u00adte\u00adra\u00adtur und Ausstellungskataloge.<br> Die Ex\u00adpo\u00adna\u00adte spie\u00adgeln die Kunst\u00adstr\u00f6\u00admun\u00adgen der letz\u00adten drei\u00ad\u00dfig Jah\u00adre bis heu\u00adte&nbsp;wider:<br> die Aus\u00adl\u00e4u\u00adfer des Flu\u00adxus, des Hap\u00adpe\u00adnings und der Ak\u00adti\u00adons\u00adkunst, Mail Art, Stamp Art, die Neu\u00aden Wil\u00adden, Kon\u00adkre\u00adte und vi\u00adsu\u00adel\u00adle Poe\u00adsie, Kon\u00adzept\u00adkunst und Copy-Art.<br> In ge\u00adrin\u00adgem Um\u00adfang neh\u00adme ich auch All\u00adtags-Pu\u00adbli\u00adka\u00adtio\u00adnen in die Samm\u00adlung auf. Sie die\u00adnen als Re\u00adfe\u00adrenz zum Au\u00ad\u00dfer\u00adk\u00fcnst\u00adle\u00adri\u00adschen: ein\u00adzel\u00adne Wer\u00adke aus der pro\u00adfes\u00adsio\u00adnel\u00adlen Print\u00adpro\u00adduk\u00adti\u00adon, wie Ver\u00adsand-Ka\u00adta\u00adlo\u00adge, Mo\u00adde und Life\u00adstyle-Zeit\u00adschrif\u00adten, Fly\u00ader, Pro\u00adspek\u00adte. Sie er\u00adm\u00f6g\u00adli\u00adchen den di\u00adrek\u00adten Ver\u00adgleich mit zeit\u00adlich par\u00adal\u00adlel ent\u00adstan\u00adde\u00adnen k\u00fcnst\u00adle\u00adri\u00adschen Pro\u00adduk\u00adtio\u00adnen und ih\u00adre Be\u00adwer\u00adtung und Ein\u00adord\u00adnung in die Kul\u00adtur ih\u00adrer Zeit. Der so\u00adzia\u00adle und \u00e4s\u00adthe\u00adti\u00adsche Stel\u00adlen\u00adwert der Kunst wird auf die\u00adse Wei\u00adse di\u00adrekt er\u00adleb\u00adbar und nicht zu\u00adletzt auch erforschbar.<\/p>\n<p>Mei\u00adne Be\u00adsch\u00e4f\u00adti\u00adgung mit dem Ar\u00adchiv se\u00adhe ich als ei\u00adnen Teil mei\u00adner k\u00fcnst\u00adle\u00adri\u00adschen Ar\u00adbeit an, in der ich mich als Samm\u00adler, Ver\u00adle\u00adger, Ku\u00adra\u00adtor, Do\u00adku\u00admen\u00adta\u00adrist, For\u00adscher und Ge\u00adstal\u00adter der um\u00adfang\u00adrei\u00adchen Er\u00adkun\u00addung neu\u00ader Aus\u00addrucks\u00adfor\u00admen und k\u00fcnst\u00adle\u00adri\u00adscher Stra\u00adte\u00adgien&nbsp;widme.<\/p>\n<p>Hu\u00adbert Kretschmer<\/p>\n","protected":false},"excerpt":{"rendered":"<p>Zur Ent\u00adste\u00adhung des Ar\u00adchi\u00adve Ar\u00adtist Pu\u00adbli\u00adca\u00adti\u00adons Als wir \u2013 die Pro\u00addu\u00adzen\u00adten\u00adga\u00adle\u00adrie Adel\u00adgun\u00adden\u00adstra\u00ad\u00dfe in M\u00fcn\u00adchen \u2013 1976 erst\u00admals die Idee ei\u00adner Aus\u00adstel\u00adlung von K\u00fcnst\u00adlern ge\u00admach\u00adter B\u00fc\u00adcher hat\u00adten, war ich da\u00advon so\u00adfort fas\u00adzi\u00adniert und kon\u00adzi\u00adpier\u00adte ei\u00adne drei\u00adtei\u00adli\u00adge Aus\u00adstel\u00adlung: \u2013 ge\u00addruck\u00adte K\u00fcnst\u00adler\u00adb\u00fc\u00adcher \u2013 B\u00fc\u00adcher in Co\u00addex\u00adform, je\u00addoch aus ver\u00adschie\u00adden\u00adar\u00adti\u00adgen Ma\u00adte\u00adria\u00adli\u00aden \u2013 und Buch\u00adob\u00adjek\u00adte. Der drei\u00adtei\u00adli\u00adge Ka\u00adta\u00adlog da\u00adzu&nbsp;war&nbsp;[\u2026]<\/p>\n","protected":false},"author":14,"featured_media":0,"parent":0,"menu_order":3,"comment_status":"closed","ping_status":"closed","template":"","meta":{"wp_typography_post_enhancements_disabled":false,"footnotes":""},"class_list":["post-2069","page","type-page","status-publish","hentry"],"yoast_head":"<!-- This site is optimized with the Yoast SEO plugin v27.3 - https:\/\/yoast.com\/product\/yoast-seo-wordpress\/ -->\n<title>Geschichte des Archivs - BLOG \u2022 Archive Artist Publications Archiv K\u00fcnstlerpublikationen \u2022 AAP<\/title>\n<meta name=\"description\" content=\"AAP Archiv f\u00fcr K\u00fcnstlerpublikationen \/ Archive Artist Publications\" \/>\n<meta name=\"robots\" content=\"index, follow, max-snippet:-1, max-image-preview:large, max-video-preview:-1\" \/>\n<link rel=\"canonical\" href=\"https:\/\/artistbooks.de\/blog\/3-entstehung\/\" \/>\n<meta property=\"og:locale\" content=\"de_DE\" \/>\n<meta property=\"og:type\" content=\"article\" \/>\n<meta property=\"og:title\" content=\"Geschichte des Archivs - BLOG \u2022 Archive Artist Publications Archiv K\u00fcnstlerpublikationen \u2022 AAP\" \/>\n<meta property=\"og:description\" content=\"AAP Archiv f\u00fcr K\u00fcnstlerpublikationen \/ Archive Artist Publications\" \/>\n<meta property=\"og:url\" content=\"https:\/\/artistbooks.de\/blog\/3-entstehung\/\" \/>\n<meta property=\"og:site_name\" content=\"BLOG \u2022 Archive Artist Publications Archiv K\u00fcnstlerpublikationen \u2022 AAP\" \/>\n<meta property=\"article:publisher\" content=\"https:\/\/www.facebook.com\/aap.archive.artist.publications\/\" \/>\n<meta property=\"article:modified_time\" content=\"2013-12-29T20:37:01+00:00\" \/>\n<meta name=\"twitter:card\" content=\"summary_large_image\" \/>\n<meta name=\"twitter:site\" content=\"@mail04140299\" \/>\n<meta name=\"twitter:label1\" content=\"Gesch\u00e4tzte Lesezeit\" \/>\n\t<meta name=\"twitter:data1\" content=\"2\u00a0Minuten\" \/>\n<script type=\"application\/ld+json\" class=\"yoast-schema-graph\">{\"@context\":\"https:\\\/\\\/schema.org\",\"@graph\":[{\"@type\":\"WebPage\",\"@id\":\"https:\\\/\\\/artistbooks.de\\\/blog\\\/3-entstehung\\\/\",\"url\":\"https:\\\/\\\/artistbooks.de\\\/blog\\\/3-entstehung\\\/\",\"name\":\"Geschichte des Archivs - BLOG \u2022 Archive Artist Publications Archiv K\u00fcnstlerpublikationen \u2022 AAP\",\"isPartOf\":{\"@id\":\"https:\\\/\\\/artistbooks.de\\\/blog\\\/#website\"},\"datePublished\":\"2013-12-25T15:24:27+00:00\",\"dateModified\":\"2013-12-29T20:37:01+00:00\",\"description\":\"AAP Archiv f\u00fcr K\u00fcnstlerpublikationen \\\/ Archive Artist Publications\",\"breadcrumb\":{\"@id\":\"https:\\\/\\\/artistbooks.de\\\/blog\\\/3-entstehung\\\/#breadcrumb\"},\"inLanguage\":\"de\",\"potentialAction\":[{\"@type\":\"ReadAction\",\"target\":[\"https:\\\/\\\/artistbooks.de\\\/blog\\\/3-entstehung\\\/\"]}]},{\"@type\":\"BreadcrumbList\",\"@id\":\"https:\\\/\\\/artistbooks.de\\\/blog\\\/3-entstehung\\\/#breadcrumb\",\"itemListElement\":[{\"@type\":\"ListItem\",\"position\":1,\"name\":\"Startseite\",\"item\":\"https:\\\/\\\/artistbooks.de\\\/blog\\\/\"},{\"@type\":\"ListItem\",\"position\":2,\"name\":\"Geschichte des Archivs\"}]},{\"@type\":\"WebSite\",\"@id\":\"https:\\\/\\\/artistbooks.de\\\/blog\\\/#website\",\"url\":\"https:\\\/\\\/artistbooks.de\\\/blog\\\/\",\"name\":\"AAP Archive Artist Publications Archiv K\u00fcnstlerpublikationen\",\"description\":\"Beitr\u00e4ge zu internationalen K\u00fcnstlerPublikationen\",\"publisher\":{\"@id\":\"https:\\\/\\\/artistbooks.de\\\/blog\\\/#organization\"},\"potentialAction\":[{\"@type\":\"SearchAction\",\"target\":{\"@type\":\"EntryPoint\",\"urlTemplate\":\"https:\\\/\\\/artistbooks.de\\\/blog\\\/?s={search_term_string}\"},\"query-input\":{\"@type\":\"PropertyValueSpecification\",\"valueRequired\":true,\"valueName\":\"search_term_string\"}}],\"inLanguage\":\"de\"},{\"@type\":\"Organization\",\"@id\":\"https:\\\/\\\/artistbooks.de\\\/blog\\\/#organization\",\"name\":\"AAP Archive Artist Publications - Archiv K\u00fcnstlerb\u00fccher\",\"url\":\"https:\\\/\\\/artistbooks.de\\\/blog\\\/\",\"logo\":{\"@type\":\"ImageObject\",\"inLanguage\":\"de\",\"@id\":\"https:\\\/\\\/artistbooks.de\\\/blog\\\/#\\\/schema\\\/logo\\\/image\\\/\",\"url\":\"https:\\\/\\\/artistbooks.de\\\/blog\\\/wp-content\\\/uploads\\\/AAP-Logo.jpg\",\"contentUrl\":\"https:\\\/\\\/artistbooks.de\\\/blog\\\/wp-content\\\/uploads\\\/AAP-Logo.jpg\",\"width\":500,\"height\":117,\"caption\":\"AAP Archive Artist Publications - Archiv K\u00fcnstlerb\u00fccher\"},\"image\":{\"@id\":\"https:\\\/\\\/artistbooks.de\\\/blog\\\/#\\\/schema\\\/logo\\\/image\\\/\"},\"sameAs\":[\"https:\\\/\\\/www.facebook.com\\\/aap.archive.artist.publications\\\/\",\"https:\\\/\\\/x.com\\\/mail04140299\",\"https:\\\/\\\/www.instagram.com\\\/archiveartistpublications\\\/\",\"https:\\\/\\\/de.wikipedia.org\\\/wiki\\\/Archive_Artist_Publications\"]}]}<\/script>\n<!-- \/ Yoast SEO plugin. -->","yoast_head_json":{"title":"Geschichte des Archivs - BLOG \u2022 Archive Artist Publications Archiv K\u00fcnstlerpublikationen \u2022 AAP","description":"AAP Archiv f\u00fcr K\u00fcnstlerpublikationen \/ Archive Artist Publications","robots":{"index":"index","follow":"follow","max-snippet":"max-snippet:-1","max-image-preview":"max-image-preview:large","max-video-preview":"max-video-preview:-1"},"canonical":"https:\/\/artistbooks.de\/blog\/3-entstehung\/","og_locale":"de_DE","og_type":"article","og_title":"Geschichte des Archivs - BLOG \u2022 Archive Artist Publications Archiv K\u00fcnstlerpublikationen \u2022 AAP","og_description":"AAP Archiv f\u00fcr K\u00fcnstlerpublikationen \/ Archive Artist Publications","og_url":"https:\/\/artistbooks.de\/blog\/3-entstehung\/","og_site_name":"BLOG \u2022 Archive Artist Publications Archiv K\u00fcnstlerpublikationen \u2022 AAP","article_publisher":"https:\/\/www.facebook.com\/aap.archive.artist.publications\/","article_modified_time":"2013-12-29T20:37:01+00:00","twitter_card":"summary_large_image","twitter_site":"@mail04140299","twitter_misc":{"Gesch\u00e4tzte Lesezeit":"2\u00a0Minuten"},"schema":{"@context":"https:\/\/schema.org","@graph":[{"@type":"WebPage","@id":"https:\/\/artistbooks.de\/blog\/3-entstehung\/","url":"https:\/\/artistbooks.de\/blog\/3-entstehung\/","name":"Geschichte des Archivs - BLOG \u2022 Archive Artist Publications Archiv K\u00fcnstlerpublikationen \u2022 AAP","isPartOf":{"@id":"https:\/\/artistbooks.de\/blog\/#website"},"datePublished":"2013-12-25T15:24:27+00:00","dateModified":"2013-12-29T20:37:01+00:00","description":"AAP Archiv f\u00fcr K\u00fcnstlerpublikationen \/ Archive Artist Publications","breadcrumb":{"@id":"https:\/\/artistbooks.de\/blog\/3-entstehung\/#breadcrumb"},"inLanguage":"de","potentialAction":[{"@type":"ReadAction","target":["https:\/\/artistbooks.de\/blog\/3-entstehung\/"]}]},{"@type":"BreadcrumbList","@id":"https:\/\/artistbooks.de\/blog\/3-entstehung\/#breadcrumb","itemListElement":[{"@type":"ListItem","position":1,"name":"Startseite","item":"https:\/\/artistbooks.de\/blog\/"},{"@type":"ListItem","position":2,"name":"Geschichte des Archivs"}]},{"@type":"WebSite","@id":"https:\/\/artistbooks.de\/blog\/#website","url":"https:\/\/artistbooks.de\/blog\/","name":"AAP Archive Artist Publications Archiv K\u00fcnstlerpublikationen","description":"Beitr\u00e4ge zu internationalen K\u00fcnstlerPublikationen","publisher":{"@id":"https:\/\/artistbooks.de\/blog\/#organization"},"potentialAction":[{"@type":"SearchAction","target":{"@type":"EntryPoint","urlTemplate":"https:\/\/artistbooks.de\/blog\/?s={search_term_string}"},"query-input":{"@type":"PropertyValueSpecification","valueRequired":true,"valueName":"search_term_string"}}],"inLanguage":"de"},{"@type":"Organization","@id":"https:\/\/artistbooks.de\/blog\/#organization","name":"AAP Archive Artist Publications - Archiv K\u00fcnstlerb\u00fccher","url":"https:\/\/artistbooks.de\/blog\/","logo":{"@type":"ImageObject","inLanguage":"de","@id":"https:\/\/artistbooks.de\/blog\/#\/schema\/logo\/image\/","url":"https:\/\/artistbooks.de\/blog\/wp-content\/uploads\/AAP-Logo.jpg","contentUrl":"https:\/\/artistbooks.de\/blog\/wp-content\/uploads\/AAP-Logo.jpg","width":500,"height":117,"caption":"AAP Archive Artist Publications - Archiv K\u00fcnstlerb\u00fccher"},"image":{"@id":"https:\/\/artistbooks.de\/blog\/#\/schema\/logo\/image\/"},"sameAs":["https:\/\/www.facebook.com\/aap.archive.artist.publications\/","https:\/\/x.com\/mail04140299","https:\/\/www.instagram.com\/archiveartistpublications\/","https:\/\/de.wikipedia.org\/wiki\/Archive_Artist_Publications"]}]}},"_links":{"self":[{"href":"https:\/\/artistbooks.de\/blog\/wp-json\/wp\/v2\/pages\/2069","targetHints":{"allow":["GET"]}}],"collection":[{"href":"https:\/\/artistbooks.de\/blog\/wp-json\/wp\/v2\/pages"}],"about":[{"href":"https:\/\/artistbooks.de\/blog\/wp-json\/wp\/v2\/types\/page"}],"author":[{"embeddable":true,"href":"https:\/\/artistbooks.de\/blog\/wp-json\/wp\/v2\/users\/14"}],"replies":[{"embeddable":true,"href":"https:\/\/artistbooks.de\/blog\/wp-json\/wp\/v2\/comments?post=2069"}],"version-history":[{"count":6,"href":"https:\/\/artistbooks.de\/blog\/wp-json\/wp\/v2\/pages\/2069\/revisions"}],"predecessor-version":[{"id":2126,"href":"https:\/\/artistbooks.de\/blog\/wp-json\/wp\/v2\/pages\/2069\/revisions\/2126"}],"wp:attachment":[{"href":"https:\/\/artistbooks.de\/blog\/wp-json\/wp\/v2\/media?parent=2069"}],"curies":[{"name":"wp","href":"https:\/\/api.w.org\/{rel}","templated":true}]}}